{"id":632,"date":"2012-08-09T21:48:21","date_gmt":"2012-08-09T19:48:21","guid":{"rendered":"http:\/\/www.essdans.no\/?page_id=632"},"modified":"2025-12-10T19:20:05","modified_gmt":"2025-12-10T18:20:05","slug":"kurspriser","status":"publish","type":"page","link":"https:\/\/www.essdans.no\/esswp\/kurs\/kurspriser\/","title":{"rendered":"Prisliste"},"content":{"rendered":"\n<p><\/p>\n\n\n\n<p class=\"has-text-color\" style=\"color:#000000;font-size:14px\">* Obs! Vi vil gj\u00f8re oppmerksom p\u00e5 at prisen kan forandre seg noe mellom sesongene. Dette har med varighet\/lengde p\u00e5 kursene og utleieprisene \u00e5 gj\u00f8re.<br><\/p>\n\n\n\n<p>&#8212;&#8212;&#8212;&#8212;&#8212;&#8212;&#8212;&#8212;&#8212;&#8212;&#8212;&#8212;&#8212;&#8212;&#8212;&#8212;&#8212;&#8212;&#8212;&#8212;&#8212;&#8212;&#8212;&#8212;&#8212;&#8212;&#8212;&#8212;&#8212;&#8212;&#8212;&#8212;&#8212;&#8212;&#8212;-<\/p>\n\n\n\n<p class=\"has-text-color\" style=\"color:#000000;font-size:22px\"><span style=\"font-size: xx-large;\"><strong>Oslo<\/strong><\/span><\/p>\n\n\n\n<p class=\"has-text-color\" style=\"color:#000000;font-size:17px\"><span style=\"font-size: medium;\"><strong>13 ukers kurs: Ministjerner 3-5 \u00e5r, Nybegynner niv\u00e5 1, Selskapsdans Niv\u00e5 1 &amp; 2, Dance4Fun, Jazzdans fra 13 \u00e5r, Hiphop over og under 13 \u00e5r, showdans, og freestyle &amp; slow niv\u00e5 2 &amp; 3<\/strong><\/span><\/p>\n\n\n\n<p class=\"has-text-color\" style=\"color:#000000;font-size:15px\">1 time pr. uke kr. 1700,- <\/p>\n\n\n\n<p class=\"has-text-color\" style=\"color:#000000;font-size:15px\">2 timer pr. uke kr. 2550,-<\/p>\n\n\n\n<p class=\"has-text-color\" style=\"color:#000000;font-size:15px\">3 timer pr. uke kr. 3350,-<\/p>\n\n\n\n<p class=\"has-text-color\" style=\"color:#000000;font-size:15px\">VIP &#8211; Dans s\u00e5 mye du vil kr. 4500,-<\/p>\n\n\n\n<p>Medlemskontingent p\u00e5 kr 100,- per \u00e5r kommer i tillegg til kursavgift.<\/p>\n\n\n\n<p class=\"has-text-color has-small-font-size\" style=\"color:#000000\">om du skulle ha utfordringer med \u00e5 betale kurset, ta kontakt med silviessdans@gmail.com<\/p>\n\n\n\n<p><\/p>\n\n\n","protected":false},"excerpt":{"rendered":"<p>* Obs! Vi vil gj\u00f8re oppmerksom p\u00e5 at prisen kan forandre seg noe mellom sesongene. Dette har med varighet\/lengde p\u00e5 kursene og utleieprisene \u00e5 gj\u00f8re. &#8212;&#8212;&#8212;&#8212;&#8212;&#8212;&#8212;&#8212;&#8212;&#8212;&#8212;&#8212;&#8212;&#8212;&#8212;&#8212;&#8212;&#8212;&#8212;&#8212;&#8212;&#8212;&#8212;&#8212;&#8212;&#8212;&#8212;&#8212;&#8212;&#8212;&#8212;&#8212;&#8212;&#8212;&#8212;- Oslo 13 ukers kurs: Ministjerner 3-5 \u00e5r, Nybegynner niv\u00e5 1, Selskapsdans Niv\u00e5 1 &amp; 2, Dance4Fun, Jazzdans fra 13 \u00e5r, Hiphop over og under 13 \u00e5r, showdans, og freestyle [&hellip;]<\/p>\n","protected":false},"author":1,"featured_media":0,"parent":20,"menu_order":0,"comment_status":"closed","ping_status":"closed","template":"","meta":{"footnotes":""},"class_list":["post-632","page","type-page","status-publish","hentry"],"_links":{"self":[{"href":"https:\/\/www.essdans.no\/esswp\/wp-json\/wp\/v2\/pages\/632","targetHints":{"allow":["GET"]}}],"collection":[{"href":"https:\/\/www.essdans.no\/esswp\/wp-json\/wp\/v2\/pages"}],"about":[{"href":"https:\/\/www.essdans.no\/esswp\/wp-json\/wp\/v2\/types\/page"}],"author":[{"embeddable":true,"href":"https:\/\/www.essdans.no\/esswp\/wp-json\/wp\/v2\/users\/1"}],"replies":[{"embeddable":true,"href":"https:\/\/www.essdans.no\/esswp\/wp-json\/wp\/v2\/comments?post=632"}],"version-history":[{"count":11,"href":"https:\/\/www.essdans.no\/esswp\/wp-json\/wp\/v2\/pages\/632\/revisions"}],"predecessor-version":[{"id":3958,"href":"https:\/\/www.essdans.no\/esswp\/wp-json\/wp\/v2\/pages\/632\/revisions\/3958"}],"up":[{"embeddable":true,"href":"https:\/\/www.essdans.no\/esswp\/wp-json\/wp\/v2\/pages\/20"}],"wp:attachment":[{"href":"https:\/\/www.essdans.no\/esswp\/wp-json\/wp\/v2\/media?parent=632"}],"curies":[{"name":"wp","href":"https:\/\/api.w.org\/{rel}","templated":true}]}}