{"id":42,"date":"2012-07-16T20:41:22","date_gmt":"2012-07-16T18:41:22","guid":{"rendered":"http:\/\/www.essdans.com\/?page_id=42"},"modified":"2026-02-04T21:33:42","modified_gmt":"2026-02-04T20:33:42","slug":"roa-oslo","status":"publish","type":"page","link":"https:\/\/www.essdans.no\/esswp\/timeplan\/roa-oslo\/","title":{"rendered":"Oslo &#8211; R\u00f8a\/Hovseter"},"content":{"rendered":"<h3 style=\"text-align: justify;\"><strong style=\"font-size: x-large;\">Kursoppstart:<\/strong><\/h3>\n<!-- \/wp:post-content --><!-- wp:paragraph -->\n\n<strong>UKE 4<\/strong>\n\n&#8211; <strong style=\"font-size: 1rem;\">Tirsdag 20, onsdag 21. og torsdag 23. Januar <\/strong>starter alle kurs\n\n<!-- \/wp:paragraph --><!-- wp:paragraph -->\n\n<!-- \/wp:paragraph --><!-- wp:paragraph -->\n\n<!-- \/wp:paragraph --><!-- wp:paragraph {\"style\":{\"color\":{\"text\":\"#000000\"},\"typography\":{\"fontSize\":18}}} -->\n<p style=\"color: #000000; font-size: 18px;\"><strong>13 ukers kurs:<\/strong><\/p>\n<!-- \/wp:paragraph --><!-- wp:paragraph {\"style\":{\"color\":{\"text\":\"#000000\"}},\"fontSize\":\"normal\"} -->\n<p style=\"color: #000000;\">&#8211; Ministjerner, Nybegynnerkurs Niv\u00e5 1, FunDance for voksne, Selskapsdans Niv\u00e5 1 &amp; 2, Jazzdans, Hiphop, Showdans, samt Freestyle &amp; Slow Niv\u00e5 2 &amp; 3.<\/p>\n<!-- \/wp:paragraph --><!-- wp:paragraph {\"style\":{\"color\":{\"text\":\"#000000\"}},\"fontSize\":\"normal\"} -->\n<table style=\"border-collapse: collapse; width: 100%; height: 480px;\">\n<tbody>\n<tr style=\"height: 48px;\">\n<td style=\"width: 34.3478%; text-align: center; height: 48px;\"><strong>Tirsdag<\/strong>\n<strong>Samfunnshus vest, 2.etg.<\/strong><\/td>\n<td style=\"width: 40.6522%; text-align: center; height: 48px;\"><strong>Onsdag<\/strong>\n<strong>Hovseterhallen, dansesalen<\/strong><\/td>\n<\/tr>\n<tr style=\"height: 432px;\">\n<td style=\"width: 34.3478%; text-align: center; height: 432px;\">\n<table style=\"border-collapse: collapse; width: 100%; height: 444px;\">\n<tbody>\n<tr style=\"height: 24px;\">\n<td style=\"width: 45.6204%; height: 24px; text-align: center;\"><strong>16.15 &#8211; 16.45<\/strong><\/td>\n<td style=\"width: 31.524%; height: 24px; text-align: center;\"><strong>Privattimer<\/strong>\n<strong>Avtales med trener<\/strong><\/td>\n<\/tr>\n<tr style=\"height: 76px;\">\n<td style=\"width: 45.6204%; height: 76px; text-align: center;\"><strong>17.00 &#8211; 17.45<\/strong><\/td>\n<td style=\"width: 31.524%; height: 76px; text-align: center;\"><strong>Ministjerner<\/strong>\n<strong>3-5 \u00e5r<\/strong><\/td>\n<\/tr>\n<tr style=\"height: 100px;\">\n<td style=\"width: 45.6204%; height: 100px; text-align: center;\"><strong>18.00 &#8211; 19.00<\/strong><\/td>\n<td style=\"width: 31.524%; height: 100px; text-align: center;\"><strong>Nybegynner Niv\u00e5 1<\/strong>\n<strong>Fra 4. klasse<\/strong><\/td>\n<\/tr>\n<tr style=\"height: 76px;\">\n<td style=\"width: 45.6204%; height: 76px; text-align: center;\"><strong>19.00 &#8211; 20.00<\/strong><\/td>\n<td style=\"width: 31.524%; height: 76px; text-align: center;\"><strong>Freestyle &amp; Slow<\/strong>\n<strong>Niv\u00e5 2 &amp; 3<\/strong><\/td>\n<\/tr>\n<tr style=\"height: 89px;\">\n<td style=\"width: 45.6204%; height: 89px; text-align: center;\"><strong>20.00 &#8211; 21.00\n<\/strong><\/td>\n<td style=\"width: 31.524%; height: 89px; text-align: center;\"><strong>Selskapsdans\n<\/strong><strong>Nybegynner<\/strong><\/td>\n<\/tr>\n<tr>\n<td style=\"width: 45.6204%; text-align: center;\"><strong>20:45 &#8211; 21.45<\/strong><\/td>\n<td style=\"width: 31.524%; text-align: center;\"><strong>Selskapsdans<\/strong>\n<strong>Niv\u00e5 2 &amp; 3<\/strong><\/td>\n<\/tr>\n<\/tbody>\n<\/table>\n<\/td>\n<td style=\"width: 40.6522%; text-align: center; height: 432px;\">\n<table style=\"border-collapse: collapse; width: 100%; height: 305px;\">\n<tbody>\n<tr style=\"height: 79px;\">\n<td style=\"width: 50%; height: 79px;\"><strong>16.45 &#8211; 17.15<\/strong><\/td>\n<td style=\"width: 50%; height: 79px;\"><strong>Privattimer<\/strong>\n<strong>Avtales med trener<\/strong><\/td>\n<\/tr>\n<tr style=\"height: 72px;\">\n<td style=\"width: 50%; height: 72px;\"><strong>17.30 &#8211; 18.30<\/strong><\/td>\n<td style=\"width: 50%; height: 72px;\"><strong>Hiphop<\/strong>\n<strong>Under 12 \u00e5r<\/strong><\/td>\n<\/tr>\n<tr style=\"height: 72px;\">\n<td style=\"width: 50%; height: 72px;\"><strong>18.30 &#8211; 19.30<\/strong><\/td>\n<td style=\"width: 50%; height: 72px;\"><strong>Hiphop\nLitt \u00d8vet<\/strong><\/td>\n<\/tr>\n<tr style=\"height: 72px;\">\n<td style=\"width: 50%; height: 72px;\"><strong>19.30 &#8211; 20.30<\/strong><\/td>\n<td style=\"width: 50%; height: 72px;\"><strong>Hiphop Over 12 \u00e5r<\/strong><\/td>\n<\/tr>\n<tr style=\"height: 96px;\">\n<td style=\"width: 50%; height: 10px;\"><strong>20.30-21.30<\/strong><\/td>\n<td style=\"width: 50%; height: 10px;\"><strong>Jazz \/ Moderne<\/strong><\/td>\n<\/tr>\n<\/tbody>\n<\/table>\n<\/td>\n<\/tr>\n<\/tbody>\n<\/table>\n<table style=\"border-collapse: collapse; width: 47.1258%; height: 428px;\">\n<tbody>\n<tr>\n<td style=\"width: 100%; text-align: center;\"><strong>Torsdag<\/strong>\n<strong>Samfunnshus vest, 2.etg.<\/strong><\/td>\n<\/tr>\n<tr>\n<td style=\"width: 100%; text-align: center;\">\n<table style=\"border-collapse: collapse; width: 101.77%; height: 375px;\">\n<tbody>\n<tr>\n<td style=\"width: 136.827%;\"><strong>16.15 &#8211; 16.45<\/strong><\/td>\n<td style=\"width: 270.603%;\"><strong>Privattimer<\/strong>\n<strong>Avtales med trener<\/strong><\/td>\n<\/tr>\n<tr>\n<td style=\"width: 136.827%;\"><strong>17.00 &#8211; 18.00<\/strong><\/td>\n<td style=\"width: 270.603%; text-align: right;\"><strong>Nybegynner Niv\u00e5 1<\/strong>\n<strong>1.-3. klasse<\/strong><\/td>\n<\/tr>\n<tr>\n<td style=\"width: 136.827%;\"><strong>18.00 &#8211; 19.00<\/strong><\/td>\n<td style=\"width: 270.603%;\"><strong>Freestyle &amp; Slow<\/strong>\n<strong>Niv\u00e5 2 og 3<\/strong><\/td>\n<\/tr>\n<tr>\n<td style=\"width: 136.827%;\"><strong>19.00 &#8211; 20.00<\/strong><\/td>\n<td style=\"width: 270.603%;\"><strong>Freestyle &amp; Slow\nNiv\u00e5 2 og 3<\/strong><\/td>\n<\/tr>\n<tr>\n<td style=\"width: 136.827%;\"><strong>20.00 &#8211; 20:30<\/strong><\/td>\n<td style=\"width: 270.603%;\"><strong>Showdans<\/strong>\n<strong>\u00c5pent for alle<\/strong><\/td>\n<\/tr>\n<tr>\n<td style=\"width: 136.827%;\"><strong>20:30 &#8211; 21:30\u00a0<\/strong><\/td>\n<td style=\"width: 270.603%;\"><strong>FunDance for voksne<\/strong><\/td>\n<\/tr>\n<\/tbody>\n<\/table>\n<\/td>\n<\/tr>\n<\/tbody>\n<\/table>\n<!-- \/wp:paragraph --><!-- wp:paragraph {\"style\":{\"color\":{\"text\":\"#000000\"},\"typography\":{\"fontSize\":12}}} -->\n<p style=\"color: #000000; font-size: 12px;\">Vi gj\u00f8r oppmerksom p\u00e5 at timeplanen kan bli endret<\/p>\n<!-- \/wp:paragraph --><!-- wp:paragraph {\"style\":{\"color\":{\"text\":\"#000000\"}},\"fontSize\":\"normal\"} -->\n<p style=\"color: #000000;\">*Niv\u00e5 2 + = m\u00e5 ha fullf\u00f8rt et nybegynnerkurs<\/p>\n<!-- \/wp:paragraph --><!-- wp:paragraph -->\n\n<!-- \/wp:paragraph --><!-- wp:paragraph {\"style\":{\"color\":{\"text\":\"#000000\"},\"typography\":{\"fontSize\":18}}} -->\n<p style=\"color: #000000; font-size: 18px;\"><strong>Adresse:<\/strong><\/p>\n<!-- \/wp:paragraph --><!-- wp:paragraph {\"style\":{\"color\":{\"text\":\"#000000\"}},\"fontSize\":\"normal\"} -->\n<p style=\"color: #000000;\"><strong><em>&#8211; Samfunnshus Vest &#8211; 2 etasje: Tore Hals Mejdells vei 8, 0751 Oslo<\/em><\/strong>\n<strong><em>\n&#8211; Hovseterhallen &#8211; Dansesalen: Hovseterveien 74, 0678 Oslo<\/em><\/strong><\/p>\n<!-- \/wp:paragraph --><!-- wp:paragraph -->\n\n<!-- \/wp:paragraph --><!-- wp:paragraph {\"style\":{\"color\":{\"text\":\"#000000\"},\"typography\":{\"fontSize\":18}}} -->\n<p style=\"color: #000000; font-size: 18px;\"><strong>Trenere:<\/strong><\/p>\n<!-- \/wp:paragraph --><!-- wp:paragraph {\"style\":{\"color\":{\"text\":\"#000000\"}},\"fontSize\":\"normal\"} -->\n<p style=\"color: #000000;\"><strong>&#8211; S\u00f8lvi Heimdal (tirsdag og torsdag)<\/strong><\/p>\n<!-- \/wp:paragraph --><!-- wp:paragraph {\"style\":{\"color\":{\"text\":\"#000000\"}},\"fontSize\":\"normal\"} -->\n<p style=\"color: #000000;\"><strong>&#8211; Marte Pedersen Hagen <\/strong><strong>(Onsdager)<\/strong><\/p>\n&#8211;\u00a0<strong>May Hel\u00e9n Wold (Maya) (Torsdag fra kl.19)<\/strong>\n\n<!-- \/wp:paragraph --><!-- wp:paragraph {\"style\":{\"color\":{\"text\":\"#000000\"}},\"fontSize\":\"normal\"} -->\n<p style=\"color: #000000;\"><strong>Les mer om v\u00e5re trenere <\/strong><a href=\"http:\/\/www.essdans.no\/om-oss\/trenere\/\"><strong>HER<\/strong><\/a><\/p>\n<!-- \/wp:paragraph --><!-- wp:paragraph -->\n\n<!-- \/wp:paragraph --><!-- wp:paragraph {\"style\":{\"color\":{\"text\":\"#000000\"},\"typography\":{\"fontSize\":18}}} -->\n<p style=\"color: #000000; font-size: 18px;\"><strong>Pris:<\/strong><\/p>\n<!-- \/wp:paragraph --><!-- wp:paragraph {\"style\":{\"color\":{\"text\":\"#000000\"},\"typography\":{\"fontSize\":17}}} -->\n<p style=\"color: #000000; font-size: 17px;\"><strong>13 ukers kurs: Ministjerner, FunDance for voksne, Nybegynnerkurs niv\u00e5 1, Selskapsdans, jazzdans, Showdans, Hiphop, og Freestyle &amp; Slow niv\u00e5 2 &amp; 3.<\/strong><\/p>\n<!-- \/wp:paragraph --><!-- wp:paragraph {\"style\":{\"color\":{\"text\":\"#000000\"},\"typography\":{\"fontSize\":15}}} -->\n<p style=\"color: #000000; font-size: 15px;\"><!-- wp:paragraph {\"style\":{\"color\":{\"text\":\"#000000\"},\"typography\":{\"fontSize\":15}}} --><\/p>\n1 time pr. uke kr. 1700,-\n<p style=\"color: #000000; font-size: 15px;\"><!-- \/wp:paragraph --><!-- wp:paragraph {\"style\":{\"color\":{\"text\":\"#000000\"},\"typography\":{\"fontSize\":15}}} --><\/p>\n2 timer pr. uke kr. 2550,-\n<p style=\"color: #000000; font-size: 15px;\"><!-- \/wp:paragraph --><!-- wp:paragraph {\"style\":{\"color\":{\"text\":\"#000000\"},\"typography\":{\"fontSize\":15}}} --><\/p>\n3 timer pr. uke kr. 3350,-\n<p style=\"color: #000000; font-size: 15px;\"><!-- \/wp:paragraph --><!-- wp:paragraph {\"style\":{\"color\":{\"text\":\"#000000\"},\"typography\":{\"fontSize\":15}}} --><\/p>\nVIP &#8211; Dans s\u00e5 mye du vil kr. 4050,-\n\nMedlemskontingent for 2026 kommer i tillegg (Kr. 100).\n\nOm du skulle ha utfordringer med \u00e5 betale kurset, ta kontakt med silviessdans@gmail.com\n\n<!-- \/wp:paragraph --><!-- wp:paragraph -->\n\n<!-- \/wp:paragraph --><!-- wp:tadv\/classic-paragraph \/-->\n\n<!-- wp:tadv\/classic-paragraph \/-->","protected":false},"excerpt":{"rendered":"<p>Kursoppstart: UKE 4 &#8211; Tirsdag 20, onsdag 21. og torsdag 23. Januar starter alle kurs 13 ukers kurs: &#8211; Ministjerner, Nybegynnerkurs Niv\u00e5 1, FunDance for voksne, Selskapsdans Niv\u00e5 1 &amp; 2, Jazzdans, Hiphop, Showdans, samt Freestyle &amp; Slow Niv\u00e5 2 &amp; 3. Tirsdag Samfunnshus vest, 2.etg. Onsdag Hovseterhallen, dansesalen 16.15 &#8211; 16.45 Privattimer Avtales med [&hellip;]<\/p>\n","protected":false},"author":1,"featured_media":0,"parent":40,"menu_order":0,"comment_status":"closed","ping_status":"closed","template":"","meta":{"footnotes":""},"class_list":["post-42","page","type-page","status-publish","hentry"],"_links":{"self":[{"href":"https:\/\/www.essdans.no\/esswp\/wp-json\/wp\/v2\/pages\/42","targetHints":{"allow":["GET"]}}],"collection":[{"href":"https:\/\/www.essdans.no\/esswp\/wp-json\/wp\/v2\/pages"}],"about":[{"href":"https:\/\/www.essdans.no\/esswp\/wp-json\/wp\/v2\/types\/page"}],"author":[{"embeddable":true,"href":"https:\/\/www.essdans.no\/esswp\/wp-json\/wp\/v2\/users\/1"}],"replies":[{"embeddable":true,"href":"https:\/\/www.essdans.no\/esswp\/wp-json\/wp\/v2\/comments?post=42"}],"version-history":[{"count":89,"href":"https:\/\/www.essdans.no\/esswp\/wp-json\/wp\/v2\/pages\/42\/revisions"}],"predecessor-version":[{"id":3991,"href":"https:\/\/www.essdans.no\/esswp\/wp-json\/wp\/v2\/pages\/42\/revisions\/3991"}],"up":[{"embeddable":true,"href":"https:\/\/www.essdans.no\/esswp\/wp-json\/wp\/v2\/pages\/40"}],"wp:attachment":[{"href":"https:\/\/www.essdans.no\/esswp\/wp-json\/wp\/v2\/media?parent=42"}],"curies":[{"name":"wp","href":"https:\/\/api.w.org\/{rel}","templated":true}]}}