{"id":38,"date":"2012-07-16T20:40:44","date_gmt":"2012-07-16T18:40:44","guid":{"rendered":"http:\/\/www.essdans.com\/?page_id=38"},"modified":"2019-07-26T07:36:15","modified_gmt":"2019-07-26T05:36:15","slug":"privattimer","status":"publish","type":"page","link":"https:\/\/www.essdans.no\/esswp\/kurs\/privattimer\/","title":{"rendered":"Privattimer"},"content":{"rendered":"\n<div class=\"wp-block-image\"><figure class=\"alignleft\"><a href=\"http:\/\/www.essdans.no\/wp-content\/uploads\/2012\/07\/IMG_5334.jpg\"><img fetchpriority=\"high\" decoding=\"async\" width=\"200\" height=\"300\" src=\"http:\/\/www.essdans.no\/wp-content\/uploads\/2012\/07\/IMG_5334-e1374528587161-200x300.jpg\" alt=\"\" class=\"wp-image-1280\" srcset=\"https:\/\/www.essdans.no\/esswp\/wp-content\/uploads\/2012\/07\/IMG_5334-e1374528587161-200x300.jpg 200w, https:\/\/www.essdans.no\/esswp\/wp-content\/uploads\/2012\/07\/IMG_5334-e1374528587161-682x1024.jpg 682w\" sizes=\"(max-width: 200px) 100vw, 200px\" \/><\/a><\/figure><\/div>\n\n\n\n<p style=\"color:#000000\" class=\"has-text-color has-normal-font-size\">Dette er et tilbud til konkurransedanserne v\u00e5re, og er en fin mulighet for \u00e5 f\u00e5 en time med treneren din alene. Her blir dansene dine oppdatert og vedlikeholdt. Vi anbefaler alle konkurransedansere \u00e5 ha privattimer innimellom for \u00e5 ha st\u00f8rst mulig utvikling som dansere.<\/p>\n\n\n\n<p style=\"color:#000000\" class=\"has-text-color has-normal-font-size\">Ta kontakt med treneren din om du \u00f8nsker dette.<\/p>\n\n\n\n<p style=\"color:#000000\" class=\"has-text-color has-normal-font-size\"><em><span style=\"font-size: medium;\"><strong>Krav:<\/strong> Ingen krav.<\/span><\/em><\/p>\n\n\n\n<p><span style=\"color: #000000;\">&nbsp;<\/span><\/p>\n\n\n\n<p><span style=\"color: #000000;\">&nbsp;<\/span><\/p>\n","protected":false},"excerpt":{"rendered":"<p>Dette er et tilbud til konkurransedanserne v\u00e5re, og er en fin mulighet for \u00e5 f\u00e5 en time med treneren din alene. Her blir dansene dine oppdatert og vedlikeholdt. Vi anbefaler alle konkurransedansere \u00e5 ha privattimer innimellom for \u00e5 ha st\u00f8rst mulig utvikling som dansere. Ta kontakt med treneren din om du \u00f8nsker dette. Krav: Ingen [&hellip;]<\/p>\n","protected":false},"author":1,"featured_media":0,"parent":20,"menu_order":0,"comment_status":"closed","ping_status":"closed","template":"","meta":{"footnotes":""},"class_list":["post-38","page","type-page","status-publish","hentry"],"_links":{"self":[{"href":"https:\/\/www.essdans.no\/esswp\/wp-json\/wp\/v2\/pages\/38","targetHints":{"allow":["GET"]}}],"collection":[{"href":"https:\/\/www.essdans.no\/esswp\/wp-json\/wp\/v2\/pages"}],"about":[{"href":"https:\/\/www.essdans.no\/esswp\/wp-json\/wp\/v2\/types\/page"}],"author":[{"embeddable":true,"href":"https:\/\/www.essdans.no\/esswp\/wp-json\/wp\/v2\/users\/1"}],"replies":[{"embeddable":true,"href":"https:\/\/www.essdans.no\/esswp\/wp-json\/wp\/v2\/comments?post=38"}],"version-history":[{"count":5,"href":"https:\/\/www.essdans.no\/esswp\/wp-json\/wp\/v2\/pages\/38\/revisions"}],"predecessor-version":[{"id":2888,"href":"https:\/\/www.essdans.no\/esswp\/wp-json\/wp\/v2\/pages\/38\/revisions\/2888"}],"up":[{"embeddable":true,"href":"https:\/\/www.essdans.no\/esswp\/wp-json\/wp\/v2\/pages\/20"}],"wp:attachment":[{"href":"https:\/\/www.essdans.no\/esswp\/wp-json\/wp\/v2\/media?parent=38"}],"curies":[{"name":"wp","href":"https:\/\/api.w.org\/{rel}","templated":true}]}}