{"id":34,"date":"2012-07-16T20:40:12","date_gmt":"2012-07-16T18:40:12","guid":{"rendered":"http:\/\/www.essdans.com\/?page_id=34"},"modified":"2019-08-11T06:27:57","modified_gmt":"2019-08-11T04:27:57","slug":"show-og-koreografiparti","status":"publish","type":"page","link":"https:\/\/www.essdans.no\/esswp\/kurs\/show-og-koreografiparti\/","title":{"rendered":"Showdans"},"content":{"rendered":"\n<p><\/p>\n\n\n\n<ul class=\"wp-block-gallery columns-3 is-cropped wp-block-gallery-1 is-layout-flex wp-block-gallery-is-layout-flex\"><li class=\"blocks-gallery-item\"><figure><img fetchpriority=\"high\" decoding=\"async\" width=\"1920\" height=\"1080\" src=\"http:\/\/www.essdans.no\/wp-content\/uploads\/2019\/01\/vlcsnap-2018-08-06-17h56m09s848.png\" alt=\"\" data-id=\"2679\" class=\"wp-image-2679\" srcset=\"https:\/\/www.essdans.no\/esswp\/wp-content\/uploads\/2019\/01\/vlcsnap-2018-08-06-17h56m09s848.png 1920w, https:\/\/www.essdans.no\/esswp\/wp-content\/uploads\/2019\/01\/vlcsnap-2018-08-06-17h56m09s848-300x169.png 300w, https:\/\/www.essdans.no\/esswp\/wp-content\/uploads\/2019\/01\/vlcsnap-2018-08-06-17h56m09s848-768x432.png 768w, https:\/\/www.essdans.no\/esswp\/wp-content\/uploads\/2019\/01\/vlcsnap-2018-08-06-17h56m09s848-1024x576.png 1024w\" sizes=\"(max-width: 1920px) 100vw, 1920px\" \/><\/figure><\/li><li class=\"blocks-gallery-item\"><figure><img decoding=\"async\" width=\"3344\" height=\"2648\" src=\"http:\/\/www.essdans.no\/wp-content\/uploads\/2019\/01\/Ny4.jpg\" alt=\"\" data-id=\"2678\" class=\"wp-image-2678\" srcset=\"https:\/\/www.essdans.no\/esswp\/wp-content\/uploads\/2019\/01\/Ny4.jpg 3344w, https:\/\/www.essdans.no\/esswp\/wp-content\/uploads\/2019\/01\/Ny4-300x238.jpg 300w, https:\/\/www.essdans.no\/esswp\/wp-content\/uploads\/2019\/01\/Ny4-768x608.jpg 768w, https:\/\/www.essdans.no\/esswp\/wp-content\/uploads\/2019\/01\/Ny4-1024x811.jpg 1024w\" sizes=\"(max-width: 3344px) 100vw, 3344px\" \/><\/figure><\/li><li class=\"blocks-gallery-item\"><figure><img decoding=\"async\" width=\"5472\" height=\"3648\" src=\"http:\/\/www.essdans.no\/wp-content\/uploads\/2017\/09\/SAM_2749.jpg\" alt=\"\" data-id=\"2386\" class=\"wp-image-2386\" srcset=\"https:\/\/www.essdans.no\/esswp\/wp-content\/uploads\/2017\/09\/SAM_2749.jpg 5472w, https:\/\/www.essdans.no\/esswp\/wp-content\/uploads\/2017\/09\/SAM_2749-300x200.jpg 300w, https:\/\/www.essdans.no\/esswp\/wp-content\/uploads\/2017\/09\/SAM_2749-768x512.jpg 768w, https:\/\/www.essdans.no\/esswp\/wp-content\/uploads\/2017\/09\/SAM_2749-1024x683.jpg 1024w, https:\/\/www.essdans.no\/esswp\/wp-content\/uploads\/2017\/09\/SAM_2749-256x170.jpg 256w\" sizes=\"(max-width: 5472px) 100vw, 5472px\" \/><\/figure><\/li><li class=\"blocks-gallery-item\"><figure><img loading=\"lazy\" decoding=\"async\" width=\"770\" height=\"479\" src=\"http:\/\/www.essdans.no\/wp-content\/uploads\/2013\/05\/danseleir.png\" alt=\"\" data-id=\"1240\" class=\"wp-image-1240\" srcset=\"https:\/\/www.essdans.no\/esswp\/wp-content\/uploads\/2013\/05\/danseleir.png 770w, https:\/\/www.essdans.no\/esswp\/wp-content\/uploads\/2013\/05\/danseleir-300x186.png 300w\" sizes=\"(max-width: 770px) 100vw, 770px\" \/><\/figure><\/li><\/ul>\n\n\n\n<p style=\"color:#000000\" class=\"has-text-color has-normal-font-size\">Dette er partiet for deg som \u00f8nsker \u00e5 vise frem dansestjernen i deg! Her er alle koreografier laget til forskjellige dansesjangre og spesifikke sanger, b\u00e5de nye og kjente. Danserne viser frem det de har \u00f8vd p\u00e5 og l\u00e6rt, p\u00e5 oppvisninger p\u00e5 arrangementer i lokalmilj\u00f8et.<\/p>\n\n\n\n<p style=\"color:#000000\" class=\"has-text-color has-normal-font-size\">P\u00e5 slutten av hver sesong inviterer vi til danseshow hvor danserne viser frem koreografier.<\/p>\n\n\n\n<p style=\"color:#000000\" class=\"has-text-color has-normal-font-size\"><span style=\"font-size: medium;\">Vi har selvf\u00f8lgelig nye koreografier hver sesong!<\/span><\/p>\n\n\n\n<p style=\"color:#000000\" class=\"has-text-color has-normal-font-size\"><span style=\"font-size: medium;\"><em><strong>Krav:&nbsp;<\/strong>Her m\u00e5 du ha g\u00e5tt p\u00e5 grunnkurset.<\/em><\/span><\/p>\n\n\n\n<p style=\"color:#000000\" class=\"has-text-color has-normal-font-size\"><span style=\"font-size: medium;\"><em><strong>Kurssted:<\/strong> <a href=\"http:\/\/www.essdans.no\/timeplan\/roa-oslo\/\">R\u00f8a (Oslo)<\/a>&nbsp;<\/em><\/span><\/p>\n","protected":false},"excerpt":{"rendered":"<p>Dette er partiet for deg som \u00f8nsker \u00e5 vise frem dansestjernen i deg! Her er alle koreografier laget til forskjellige dansesjangre og spesifikke sanger, b\u00e5de nye og kjente. Danserne viser frem det de har \u00f8vd p\u00e5 og l\u00e6rt, p\u00e5 oppvisninger p\u00e5 arrangementer i lokalmilj\u00f8et. P\u00e5 slutten av hver sesong inviterer vi til danseshow hvor danserne [&hellip;]<\/p>\n","protected":false},"author":1,"featured_media":0,"parent":20,"menu_order":0,"comment_status":"closed","ping_status":"closed","template":"","meta":{"footnotes":""},"class_list":["post-34","page","type-page","status-publish","hentry"],"_links":{"self":[{"href":"https:\/\/www.essdans.no\/esswp\/wp-json\/wp\/v2\/pages\/34","targetHints":{"allow":["GET"]}}],"collection":[{"href":"https:\/\/www.essdans.no\/esswp\/wp-json\/wp\/v2\/pages"}],"about":[{"href":"https:\/\/www.essdans.no\/esswp\/wp-json\/wp\/v2\/types\/page"}],"author":[{"embeddable":true,"href":"https:\/\/www.essdans.no\/esswp\/wp-json\/wp\/v2\/users\/1"}],"replies":[{"embeddable":true,"href":"https:\/\/www.essdans.no\/esswp\/wp-json\/wp\/v2\/comments?post=34"}],"version-history":[{"count":5,"href":"https:\/\/www.essdans.no\/esswp\/wp-json\/wp\/v2\/pages\/34\/revisions"}],"predecessor-version":[{"id":2931,"href":"https:\/\/www.essdans.no\/esswp\/wp-json\/wp\/v2\/pages\/34\/revisions\/2931"}],"up":[{"embeddable":true,"href":"https:\/\/www.essdans.no\/esswp\/wp-json\/wp\/v2\/pages\/20"}],"wp:attachment":[{"href":"https:\/\/www.essdans.no\/esswp\/wp-json\/wp\/v2\/media?parent=34"}],"curies":[{"name":"wp","href":"https:\/\/api.w.org\/{rel}","templated":true}]}}