{"id":307,"date":"2012-07-27T11:47:28","date_gmt":"2012-07-27T09:47:28","guid":{"rendered":"http:\/\/www.essdans.com\/?page_id=307"},"modified":"2025-03-19T21:40:54","modified_gmt":"2025-03-19T20:40:54","slug":"roa-danseklubb","status":"publish","type":"page","link":"https:\/\/www.essdans.no\/esswp\/roa-danseklubb\/","title":{"rendered":"R\u00f8a Danseklubb"},"content":{"rendered":"\n<p class=\"has-text-color has-normal-font-size\" style=\"color:#000000\"><span style=\"font-size: medium;\">R\u00f8a danseklubb ble stiftet i 2003 og har et tett samarbeid med eSs danseskole.<\/span><\/p>\n\n\n\n<p class=\"has-text-color has-normal-font-size\" style=\"color:#000000\"><span style=\"font-size: medium;\">Klubben er tilsluttet Norges Danseforbund (ND), som er et av forbundene under Norges Idrettsforbund (NIF). Danseklubben er ogs\u00e5 tilknyttet \u00d8stnorsk dansekrets samt at klubben er representert i forbindelse med barn og ungdomsidrett i Vestre Aker bydel.<\/span><\/p>\n\n\n\n<p><span style=\"font-size: medium;\">&nbsp;<\/span><\/p>\n\n\n\n<p class=\"has-text-color has-normal-font-size\" style=\"color:#000000\"><span style=\"font-size: medium;\">Klubben jobber for danserne. Hovedoppgaver er \u00e5 arrangere danseleir, dansehelger, avslutninger, klubbmesterskap og andre tilstelninger for danserne. I tillegg er det viktig for klubben \u00e5 sette fokus p\u00e5 dans som idrett og v\u00e6re aktiv i ND\/NIF, og p\u00e5 den m\u00e5ten bedre forholdene for aktive dansere.<\/span><\/p>\n\n\n\n<p><span style=\"font-size: medium;\">&nbsp;<\/span><\/p>\n\n\n\n<p class=\"has-text-color has-normal-font-size\" style=\"color:#000000\"><span style=\"font-size: medium;\"><strong>Et medlemskap i klubben koster kr.100 pr \u00e5r (01. jan &#8211; 31. des) og kommer i tillegg til kursavgiften.<\/strong><\/span><\/p>\n\n\n\n<p class=\"has-text-color has-normal-font-size\" style=\"color:#000000\"><span style=\"font-size: medium;\">Fordeler med \u00e5 v\u00e6re medlem:<\/span><\/p>\n\n\n\n<ul class=\"wp-block-list\">\n<li><span style=\"font-size: medium;\">Full idrettsforsikring, b\u00e5de p\u00e5 trening og i konkurranser. Champ og elite dansere m\u00e5 v\u00e6re medlemmer.<\/span><\/li>\n\n\n\n<li><span style=\"font-size: medium;\">Medlemskap i Norges Danseforbund (ND), som har som m\u00e5l \u00e5 styrke dans som kan drives av alle uavhengig av alder, niv\u00e5 og ferdighet.<\/span><\/li>\n\n\n\n<li><span style=\"font-size: medium;\">Reduserte priser p\u00e5 enkelte klubb arrangementer.<\/span><\/li>\n\n\n\n<li><span style=\"font-size: medium;\">St\u00f8tte til klubben som gir muligheter for \u00e5 gi mer tilbake til danserne.<\/span><\/li>\n\n\n\n<li><span style=\"font-size: medium;\">V\u00e6re seg st\u00f8tte til innleie av utenlandske trenere eller \u00f8konomisk bidrag, slik at egenandelene kan&nbsp; holdes s\u00e5 lave som mulig i forbindelse med dansehelger og danseleir.<\/span><\/li>\n<\/ul>\n\n\n\n<p><span style=\"font-size: medium;\">&nbsp;<\/span><\/p>\n\n\n\n<p class=\"has-text-color has-normal-font-size\" style=\"color:#000000\"><span style=\"font-size: medium;\">N\u00e5r det gjelder Personvern av medlemsopplysninger kan du lese om dette p\u00e5 en egen side som du finner <a href=\"http:\/\/www.essdans.no\/personvern\/\">HER.<\/a><\/span><\/p>\n\n\n\n<p class=\"has-text-color has-normal-font-size\" style=\"color:#000000\"><span style=\"font-size: medium;\"><span style=\"font-size: medium;\">R\u00f8a danseklubb blir drevet av et valgt styre best\u00e5ende av medlemmer (foreldre og representanter for danserne).<br><\/span><\/span><\/p>\n\n\n\n<p class=\"has-text-color has-normal-font-size\" style=\"color:#000000\"><span style=\"font-size: medium;\">Dagens styre best\u00e5r av f\u00f8lgende personer:<\/span><\/p>\n\n\n\n<p class=\"has-text-color has-normal-font-size\" style=\"color:#000000\">Henriette S\u00f8ilen (Leder)<\/p>\n\n\n\n<p class=\"has-text-color has-normal-font-size\" style=\"color: #000000;\">Erika Gillemyr (Nestleder)<\/p>\n\n\n\n<p class=\"has-text-color has-normal-font-size\" style=\"color:#000000\">Iren Storbr\u00e5ten Volden (Kasserer)<\/p>\n\n\n\n<p class=\"has-text-color has-normal-font-size\" style=\"color:#000000\"><\/p>\n\n\n\n<p class=\"has-text-color has-normal-font-size\" style=\"color:#000000\">Tina Bay Adamsen (Styremedlem)<\/p>\n\n\n\n<p class=\"has-text-color has-normal-font-size\" style=\"color: #000000;\">Roy Bendiksen (Styremedlem)<\/p>\n<p class=\"has-text-color has-normal-font-size\" style=\"color: #000000;\">Nils Erik Aas (Styremedlem)<\/p>\n\n\n\n<p class=\"has-text-color has-normal-font-size\" style=\"color:#000000\">May Hel\u00e9n Wold (vara) <\/p>\n\n\n\n<p>Bich Kieu Nguyen (Vara)<\/p>\n\n\n\n<p class=\"has-text-color has-normal-font-size\" style=\"color: #000000;\">Sofie B. Fossum (Ungdomsrepresentant)<\/p>\n\n\n\n<p class=\"has-text-color has-normal-font-size\" style=\"color:#000000\"><span style=\"font-size: medium;\">Kontakt med klubben f\u00e5r du p\u00e5 roea.dk@gmail.com<\/span><\/p>\n","protected":false},"excerpt":{"rendered":"<p>R\u00f8a danseklubb ble stiftet i 2003 og har et tett samarbeid med eSs danseskole. Klubben er tilsluttet Norges Danseforbund (ND), som er et av forbundene under Norges Idrettsforbund (NIF). Danseklubben er ogs\u00e5 tilknyttet \u00d8stnorsk dansekrets samt at klubben er representert i forbindelse med barn og ungdomsidrett i Vestre Aker bydel. &nbsp; Klubben jobber for danserne. [&hellip;]<\/p>\n","protected":false},"author":1,"featured_media":0,"parent":0,"menu_order":0,"comment_status":"closed","ping_status":"closed","template":"","meta":{"footnotes":""},"class_list":["post-307","page","type-page","status-publish","hentry"],"_links":{"self":[{"href":"https:\/\/www.essdans.no\/esswp\/wp-json\/wp\/v2\/pages\/307","targetHints":{"allow":["GET"]}}],"collection":[{"href":"https:\/\/www.essdans.no\/esswp\/wp-json\/wp\/v2\/pages"}],"about":[{"href":"https:\/\/www.essdans.no\/esswp\/wp-json\/wp\/v2\/types\/page"}],"author":[{"embeddable":true,"href":"https:\/\/www.essdans.no\/esswp\/wp-json\/wp\/v2\/users\/1"}],"replies":[{"embeddable":true,"href":"https:\/\/www.essdans.no\/esswp\/wp-json\/wp\/v2\/comments?post=307"}],"version-history":[{"count":7,"href":"https:\/\/www.essdans.no\/esswp\/wp-json\/wp\/v2\/pages\/307\/revisions"}],"predecessor-version":[{"id":3933,"href":"https:\/\/www.essdans.no\/esswp\/wp-json\/wp\/v2\/pages\/307\/revisions\/3933"}],"wp:attachment":[{"href":"https:\/\/www.essdans.no\/esswp\/wp-json\/wp\/v2\/media?parent=307"}],"curies":[{"name":"wp","href":"https:\/\/api.w.org\/{rel}","templated":true}]}}