{"id":30,"date":"2012-07-16T20:39:37","date_gmt":"2012-07-16T18:39:37","guid":{"rendered":"http:\/\/www.essdans.com\/?page_id=30"},"modified":"2019-07-26T07:32:31","modified_gmt":"2019-07-26T05:32:31","slug":"selskapsdans-litt-ovet-ovet","status":"publish","type":"page","link":"https:\/\/www.essdans.no\/esswp\/kurs\/selskapsdans-litt-ovet-ovet\/","title":{"rendered":"Selskapsdans"},"content":{"rendered":"\n<p><\/p>\n\n\n\n<ul class=\"wp-block-gallery columns-3 is-cropped wp-block-gallery-1 is-layout-flex wp-block-gallery-is-layout-flex\"><li class=\"blocks-gallery-item\"><figure><img fetchpriority=\"high\" decoding=\"async\" width=\"4032\" height=\"3024\" src=\"http:\/\/www.essdans.no\/wp-content\/uploads\/2019\/01\/47681950_2414933695202717_3182115843400007680_n.jpg\" alt=\"\" data-id=\"2691\" class=\"wp-image-2691\" srcset=\"https:\/\/www.essdans.no\/esswp\/wp-content\/uploads\/2019\/01\/47681950_2414933695202717_3182115843400007680_n.jpg 4032w, https:\/\/www.essdans.no\/esswp\/wp-content\/uploads\/2019\/01\/47681950_2414933695202717_3182115843400007680_n-300x225.jpg 300w, https:\/\/www.essdans.no\/esswp\/wp-content\/uploads\/2019\/01\/47681950_2414933695202717_3182115843400007680_n-768x576.jpg 768w, https:\/\/www.essdans.no\/esswp\/wp-content\/uploads\/2019\/01\/47681950_2414933695202717_3182115843400007680_n-1024x768.jpg 1024w\" sizes=\"(max-width: 4032px) 100vw, 4032px\" \/><\/figure><\/li><li class=\"blocks-gallery-item\"><figure><img decoding=\"async\" width=\"3024\" height=\"4032\" src=\"http:\/\/www.essdans.no\/wp-content\/uploads\/2019\/01\/47577579_1921845048124039_1294061057735655424_n.jpg\" alt=\"\" data-id=\"2690\" class=\"wp-image-2690\" srcset=\"https:\/\/www.essdans.no\/esswp\/wp-content\/uploads\/2019\/01\/47577579_1921845048124039_1294061057735655424_n.jpg 3024w, https:\/\/www.essdans.no\/esswp\/wp-content\/uploads\/2019\/01\/47577579_1921845048124039_1294061057735655424_n-225x300.jpg 225w, https:\/\/www.essdans.no\/esswp\/wp-content\/uploads\/2019\/01\/47577579_1921845048124039_1294061057735655424_n-768x1024.jpg 768w\" sizes=\"(max-width: 3024px) 100vw, 3024px\" \/><\/figure><\/li><\/ul>\n\n\n\n<p style=\"color:#000000\" class=\"has-text-color has-normal-font-size\">Dette er kurset som gj\u00f8r deg klar til alle festlige anledninger! P\u00e5 dette kurset vil du l\u00e6re standard og latindanser, som blant annet Chachacha, Jive, Vals og Tango. Kurset passer for voksne i alle aldre, og vi har nybegynnerkurs og \u00f8vetparti. Du trenger ikke ha danset noe tidligere, kom som du er!<\/p>\n\n\n\n<p style=\"color:#000000\" class=\"has-text-color has-normal-font-size\"><span style=\"font-size: medium;\"><strong><em>Krav:<\/em><\/strong> <em>Ingen krav for nybegynner kurs. Om du \u00f8nsker \u00e5 g\u00e5 p\u00e5 litt \u00f8vet kurs m\u00e5 du ha g\u00e5tt p\u00e5 grunnkurs. Ikke bruk stilett heler.<\/em><\/span><\/p>\n\n\n\n<p style=\"color:#000000\" class=\"has-text-color has-normal-font-size\"><span style=\"font-size: medium;\"><em><strong>Kurssted:<\/strong>&nbsp;<a href=\"http:\/\/www.essdans.no\/timeplan\/roa-oslo\/\">R\u00f8a (Oslo)<\/a><\/em><\/span><\/p>\n","protected":false},"excerpt":{"rendered":"<p>Dette er kurset som gj\u00f8r deg klar til alle festlige anledninger! P\u00e5 dette kurset vil du l\u00e6re standard og latindanser, som blant annet Chachacha, Jive, Vals og Tango. Kurset passer for voksne i alle aldre, og vi har nybegynnerkurs og \u00f8vetparti. Du trenger ikke ha danset noe tidligere, kom som du er! Krav: Ingen krav [&hellip;]<\/p>\n","protected":false},"author":1,"featured_media":0,"parent":20,"menu_order":0,"comment_status":"closed","ping_status":"closed","template":"","meta":{"footnotes":""},"class_list":["post-30","page","type-page","status-publish","hentry"],"_links":{"self":[{"href":"https:\/\/www.essdans.no\/esswp\/wp-json\/wp\/v2\/pages\/30","targetHints":{"allow":["GET"]}}],"collection":[{"href":"https:\/\/www.essdans.no\/esswp\/wp-json\/wp\/v2\/pages"}],"about":[{"href":"https:\/\/www.essdans.no\/esswp\/wp-json\/wp\/v2\/types\/page"}],"author":[{"embeddable":true,"href":"https:\/\/www.essdans.no\/esswp\/wp-json\/wp\/v2\/users\/1"}],"replies":[{"embeddable":true,"href":"https:\/\/www.essdans.no\/esswp\/wp-json\/wp\/v2\/comments?post=30"}],"version-history":[{"count":5,"href":"https:\/\/www.essdans.no\/esswp\/wp-json\/wp\/v2\/pages\/30\/revisions"}],"predecessor-version":[{"id":2886,"href":"https:\/\/www.essdans.no\/esswp\/wp-json\/wp\/v2\/pages\/30\/revisions\/2886"}],"up":[{"embeddable":true,"href":"https:\/\/www.essdans.no\/esswp\/wp-json\/wp\/v2\/pages\/20"}],"wp:attachment":[{"href":"https:\/\/www.essdans.no\/esswp\/wp-json\/wp\/v2\/media?parent=30"}],"curies":[{"name":"wp","href":"https:\/\/api.w.org\/{rel}","templated":true}]}}