{"id":2866,"date":"2019-07-26T06:53:53","date_gmt":"2019-07-26T04:53:53","guid":{"rendered":"http:\/\/www.essdans.no\/?page_id=2866"},"modified":"2020-08-07T14:12:45","modified_gmt":"2020-08-07T12:12:45","slug":"hiphop-street","status":"publish","type":"page","link":"https:\/\/www.essdans.no\/esswp\/kurs\/hiphop-street\/","title":{"rendered":"Hiphop\/Street"},"content":{"rendered":"\n<div class=\"wp-block-image\"><figure class=\"aligncenter is-resized\"><img fetchpriority=\"high\" decoding=\"async\" src=\"http:\/\/www.essdans.no\/wp-content\/uploads\/2019\/07\/test-1024x768.jpg\" alt=\"\" class=\"wp-image-2867\" width=\"355\" height=\"266\" srcset=\"https:\/\/www.essdans.no\/esswp\/wp-content\/uploads\/2019\/07\/test-1024x768.jpg 1024w, https:\/\/www.essdans.no\/esswp\/wp-content\/uploads\/2019\/07\/test-300x225.jpg 300w, https:\/\/www.essdans.no\/esswp\/wp-content\/uploads\/2019\/07\/test-768x576.jpg 768w\" sizes=\"(max-width: 355px) 100vw, 355px\" \/><figcaption>Fire av v\u00e5re jenter etter Hiphop konkurranse i England<\/figcaption><\/figure><\/div>\n\n\n\n<p style=\"color:#000000\" class=\"has-text-color has-normal-font-size\">I denne timen s\u00e5 jobber vi med koreografier og hiphopteknikker. Her vil det v\u00e6re flere ulike koreografier som f\u00f8rer til at det blir mye variasjon i timene, og som i tillegg vil bidra til \u00e5 utvikle elevens evne til \u00e5 plukke opp koreografi fortere. Hiphop er en veldig popul\u00e6r dansestil som omfatter veldig mange andre stiler, og vi pr\u00f8ver s\u00e5 godt vi kan \u00e5 variere stilene p\u00e5 koreografiene. <\/p>\n\n\n\n<p style=\"color:#000000\" class=\"has-text-color has-normal-font-size\">Timene vil ha et \u00e5pent niv\u00e5, s\u00e5 kom som du er uansett om du har danset tidligere eller ikke. Dette partiet har ogs\u00e5 dropin mulighet, s\u00e5 her kan du ta med deg venner innimellom dersom du \u00f8nsker det.<\/p>\n\n\n\n<p style=\"color:#000000\" class=\"has-text-color has-normal-font-size\">Vi vil faktisk anbefale v\u00e5re freestyle &amp; slow dansere som vil utvikle seg videre, \u00e5 ta denne timen. Hiphop-stilen kan bidra til at du utvikler en annen form for kroppskontroll og dynamikk enn det som er karakteristisk for freestyle &amp; slow, som igjen kan bidra til at du kan f\u00e5 &laquo;det lille ekstra&raquo; i dansene dine.<\/p>\n\n\n\n<p style=\"color:#000000\" class=\"has-text-color has-normal-font-size\"><strong><em>Krav:<\/em><\/strong><em> Ingen krav &#8211; kom som du er!<\/em><\/p>\n\n\n\n<p style=\"color:#000000\" class=\"has-text-color has-normal-font-size\"><em><strong>Antrekk:<\/strong> Ta p\u00e5 deg kl\u00e6r du er komfortabel i, og bruk helst joggesko som ikke sitter for godt fast i tregulv.<\/em><\/p>\n\n\n\n<p style=\"color:#000000\" class=\"has-text-color has-normal-font-size\"><em><strong>Kurssted:<\/strong> <\/em><a href=\"http:\/\/www.essdans.no\/timeplan\/roa-oslo\/\"><em>Oslo &#8211; R\u00f8a og Hovseter<\/em><\/a><br><\/p>\n\n\n\n<p><\/p>\n","protected":false},"excerpt":{"rendered":"<p>I denne timen s\u00e5 jobber vi med koreografier og hiphopteknikker. Her vil det v\u00e6re flere ulike koreografier som f\u00f8rer til at det blir mye variasjon i timene, og som i tillegg vil bidra til \u00e5 utvikle elevens evne til \u00e5 plukke opp koreografi fortere. Hiphop er en veldig popul\u00e6r dansestil som omfatter veldig mange andre [&hellip;]<\/p>\n","protected":false},"author":10,"featured_media":0,"parent":20,"menu_order":0,"comment_status":"closed","ping_status":"closed","template":"","meta":{"footnotes":""},"class_list":["post-2866","page","type-page","status-publish","hentry"],"_links":{"self":[{"href":"https:\/\/www.essdans.no\/esswp\/wp-json\/wp\/v2\/pages\/2866","targetHints":{"allow":["GET"]}}],"collection":[{"href":"https:\/\/www.essdans.no\/esswp\/wp-json\/wp\/v2\/pages"}],"about":[{"href":"https:\/\/www.essdans.no\/esswp\/wp-json\/wp\/v2\/types\/page"}],"author":[{"embeddable":true,"href":"https:\/\/www.essdans.no\/esswp\/wp-json\/wp\/v2\/users\/10"}],"replies":[{"embeddable":true,"href":"https:\/\/www.essdans.no\/esswp\/wp-json\/wp\/v2\/comments?post=2866"}],"version-history":[{"count":4,"href":"https:\/\/www.essdans.no\/esswp\/wp-json\/wp\/v2\/pages\/2866\/revisions"}],"predecessor-version":[{"id":3323,"href":"https:\/\/www.essdans.no\/esswp\/wp-json\/wp\/v2\/pages\/2866\/revisions\/3323"}],"up":[{"embeddable":true,"href":"https:\/\/www.essdans.no\/esswp\/wp-json\/wp\/v2\/pages\/20"}],"wp:attachment":[{"href":"https:\/\/www.essdans.no\/esswp\/wp-json\/wp\/v2\/media?parent=2866"}],"curies":[{"name":"wp","href":"https:\/\/api.w.org\/{rel}","templated":true}]}}