{"id":2507,"date":"2018-07-20T19:17:38","date_gmt":"2018-07-20T17:17:38","guid":{"rendered":"http:\/\/www.essdans.no\/?page_id=2507"},"modified":"2019-07-26T08:33:19","modified_gmt":"2019-07-26T06:33:19","slug":"personvern","status":"publish","type":"page","link":"https:\/\/www.essdans.no\/esswp\/personvern\/","title":{"rendered":"Personvern"},"content":{"rendered":"\n<h3 class=\"wp-block-heading\"><strong>Behandling av personopplysninger<\/strong><\/h3>\n\n\n\n<p style=\"color:#000000\" class=\"has-text-color has-normal-font-size\">Vi \u00f8nsker \u00e5 informere nye og allerede eksisterende medlemmer i R\u00f8a danseklubb om hvordan vi arbeider i henhold til de nye personvernslovendringene (GDPR). Vi er sv\u00e6rt opptatt av \u00e5penhet og \u00e6rlighet, og ikke minst v\u00e5r ivaretakelse av taushetsplikten vi har overfor deg som medlem, og vil fortsette \u00e5 v\u00e6re dette i fremtiden. Ta gjerne en titt p\u00e5 v\u00e5r oppdaterte Personvernerkl\u00e6ring her, men du kan f\u00f8le deg helt trygg p\u00e5 at vi har kontroll.<\/p>\n\n\n\n<p style=\"color:#000000\" class=\"has-text-color has-normal-font-size\">Informasjonen vi har p\u00e5 deg som medlem (danseren) og eventuelt foresatte er n\u00f8dvendig for oss for \u00e5 vite hvem som g\u00e5r p\u00e5 kurs, for fakturering av kursavgift og medlemskap, invitasjoner til klubbens arrangementer, konkurranser, nyhetsbrev, nye kurs og om eventuelle endringer i kursene. Denne informasjonen blir lagret opptil 1,5 \u00e5r, og slettes etter dette.<\/p>\n\n\n\n<p style=\"color:#000000\" class=\"has-text-color has-normal-font-size\">Vi samarbeider veldig tett med eSs Dans og fordi trenerne er de som har jevn kontakt med medlemmene og deres foresatte s\u00e5 sitter de p\u00e5 den samme informasjonen som det R\u00f8a Danseklubb gj\u00f8r. P\u00e5 den m\u00e5ten sikrer vi at medlemmene v\u00e5re f\u00e5r korrekte fakturaer samt korrekt informasjon med tanke p\u00e5 type kurs, og at nye innmeldte medlemmer som velger \u00e5 avslutte kursene sine etter eventuelle pr\u00f8vetimer ogs\u00e5 blir slettet fra v\u00e5rt medlemsregister. Vi er selvf\u00f8lgelig helt trygge p\u00e5 at eSs Dans jobber etter de samme GDPR kriteriene som det vi gj\u00f8r.<\/p>\n\n\n\n<p style=\"color:#000000\" class=\"has-text-color has-normal-font-size\">R\u00f8a Danseklubb er ogs\u00e5 medlem av Norges Danseforbund, som igjen er medlem av Norges Idrettsforbund (NIF), og \u00e9n gang i \u00e5ret rapporterer vi inn antall medlemmer vi hadde i \u00e5ret som gikk, slik at vi f\u00e5r st\u00f8tte fra Norges Idrettsforbund som gj\u00f8r at vi kan drive p\u00e5 med dans for barn, unge og voksne. Den informasjonen som overf\u00f8res dit er medlemmets navn, adresse og f\u00f8dselsdato. NIF og underliggende organisasjonsledd som du er tilknyttet behandler personopplysninger om medlemmer som er n\u00f8dvendig for at ditt medlemskap og din aktivitet i idretten. Registrering av medlemsopplysninger er en forutsetning for medlemskap i norsk idrett. Alle v\u00e5re opplysninger om v\u00e5re medlemmer vil bli slettet n\u00e5r medlemmet ikke lenger er aktivt, og den \u00e5rlige rapporteringen til NIF er avsluttet. Du kan selvf\u00f8lgelig n\u00e5r som helst f\u00e5 vite hva slags informasjon vi har p\u00e5 deg som medlem, og kan ogs\u00e5 n\u00e5r som helst velge \u00e5 f\u00e5 den informasjonen slettet fra v\u00e5rt medlemsregister.<\/p>\n\n\n\n<p style=\"color:#000000\" class=\"has-text-color has-normal-font-size\">Bakgrunnen for at vi \u00f8nsker informasjon om medlemmet skulle ha plager, skader eller sykdom eller andre behov, er for at vi kan tilrettelegge treningen, eventuelt ordne med en ekstra assistent dersom det skulle v\u00e6re behov for dette. Denne informasjonen behandles helt konfidensielt av hovedtrenerene i eSs Dans og av R\u00f8a Danseklubb, og ingen andre har tilgang til denne informasjonen.<\/p>\n\n\n\n<p style=\"color:#000000\" class=\"has-text-color has-normal-font-size\">Om du skulle \u00f8nske \u00e5 vite flere detaljer ang\u00e5ende v\u00e5r Personvernserkl\u00e6ring s\u00e5 ligger det mer informasjon under som du kan se igjennom om du \u00f8nsker, eller s\u00e5 er det bare \u00e5 ta kontakt med oss!<\/p>\n\n\n\n<p style=\"color:#000000\" class=\"has-text-color has-normal-font-size\">Mvh styret i R\u00f8a Danseklubb<\/p>\n\n\n\n<p><\/p>\n\n\n\n<h3 class=\"wp-block-heading\"><strong>Behandling av personopplysninger og informasjonssikkerhet for R\u00f8a Danseklubb<\/strong><\/h3>\n\n\n\n<p><strong>Forord<\/strong><\/p>\n\n\n\n<p>R\u00f8a danseklubb ble stiftet i 2003 og har et tett samarbeid med eSs danseskole.<\/p>\n\n\n\n<p>Klubben er tilsluttet Norges Danseforbund (ND), som er et av forbundene under Norges Idrettsforbund (NIF). Danseklubben er ogs\u00e5 tilknyttet \u00d8stnorsk dansekrets samt at klubben er representert i forbindelse med barn og ungdomsidrett i Vestre Aker bydel.<\/p>\n\n\n\n<p>Klubben jobber for danserne. Hovedoppgaver er \u00e5 arrangere danseleir, dansehelger, avslutninger, klubbmesterskap og andre tilstelninger for danserne. I tillegg er det viktig for klubben \u00e5 sette fokus p\u00e5 dans som idrett og v\u00e6re aktiv i ND\/NIF, og p\u00e5 den m\u00e5ten bedre forholdene for aktive dansere.<\/p>\n\n\n\n<p>R\u00f8a danseklubb blir drevet av et valgt styre. (foreldre og representanter for danserne).<\/p>\n\n\n\n<p><strong>Innhold <\/strong><\/p>\n\n\n\n<p>Bakgrunn<\/p>\n\n\n\n<ol class=\"wp-block-list\"><li>Personopplysninger<\/li><\/ol>\n\n\n\n<p>1.1. Om personopplysninger<\/p>\n\n\n\n<p>1.2. Hvorfor registreres personopplysninger?<\/p>\n\n\n\n<p>1.3. Hva registreres?<\/p>\n\n\n\n<p>1.4. Hvordan brukes personopplysningene?<\/p>\n\n\n\n<p>1.5. Informasjon og samtykke<\/p>\n\n\n\n<ol class=\"wp-block-list\"><li>Konfidensialitet og taushetsplikt<\/li><li>Tilgangsstyring<\/li><li>Avviksbehandling<\/li><li>Ytterligere informasjon<\/li><\/ol>\n\n\n\n<p><strong>Bakgrunn<\/strong><\/p>\n\n\n\n<p>Planen skal bidra til tilfredsstillende personvern og informasjonssikkerhet, samt bidra til at klubben og klubbens medlemmer kan ha tillit til at all behandling av personopplysninger gjennomf\u00f8res p\u00e5 et forsvarlig sikkerhetsniv\u00e5.<\/p>\n\n\n\n<p>Personvernlovgivningen stiller krav til personvern og informasjonssikkerhet. Det understrekes at oppl\u00e6ring og bevisstgj\u00f8ring er av vesentlig betydning for \u00e5 sikre forsvarlig h\u00e5ndtering av personopplysninger i det daglige arbeidet.<\/p>\n\n\n\n<ol class=\"wp-block-list\"><li><strong>Personopplysninger <\/strong><\/li><\/ol>\n\n\n\n<ul class=\"wp-block-list\"><li><strong>Om personopplysninger <\/strong><\/li><\/ul>\n\n\n\n<p>Personopplysninger er opplysninger og vurderinger som kan knyttes til en enkeltperson. N\u00e5r en person blir medlem i R\u00f8a Danseklubb har klubben lovlig grunnlag for registrering og behandling av n\u00f8dvendige personopplysninger. Dette gis gjennom samtykke ved innmelding i klubben.<\/p>\n\n\n\n<p><strong>1.2 Hvorfor registreres personopplysninger?<\/strong><\/p>\n\n\n\n<p>Form\u00e5let med all behandling av personopplysninger er ivaretagelsen av alle aktiviteter og kurs og medlemskap. Herunder gi god service til medlemmer og andre personer tilknyttet klubben.<\/p>\n\n\n\n<p>R\u00f8a Danseklubb m\u00e5 behandle personopplysninger i ulike sammenhenger som ved administrasjon av aktivitet, medlemskap, roller og verv, forsikringer, kurs og kompetanse, rapportering til offentlige myndigheter med mer. En gang pr \u00e5r oversendes medlemslister til NIF for \u00e5 dokumentere hvor mange medlemmer vi har hatt gjennom \u00e5ret.<\/p>\n\n\n\n<p>Personopplysninger skal:<\/p>\n\n\n\n<ol class=\"wp-block-list\"><li>henf\u00f8res til rett identifisert person<\/li><li>v\u00e6re riktige og ajourf\u00f8rte<\/li><li>ikke benyttes til form\u00e5l som er uforenlig med behandlingsgrunnlaget. Personer som registreres med e-postadresse varles pr. e-post og gis automatisk mulighet for \u00e5 bli bruker til Min idrett hvor lagret informasjon vises og kan korrigeres av personen selv.<\/li><\/ol>\n\n\n\n<ul class=\"wp-block-list\"><li><strong>Hva registreres?<\/strong><\/li><\/ul>\n\n\n\n<p>Det registreres persondata som:<\/p>\n\n\n\n<ol class=\"wp-block-list\"><li>folkeregistrert navn<\/li><li>f\u00f8dselsdato (ikke personnummer)<\/li><li>adresse<\/li><li>andre kontaktopplysninger som telefonnummer og e-post.<\/li><li>eventuelle tilknytninger til andre familiemedlemmer (foresatte og s\u00f8sken)<\/li><li>relevant informasjon knyttet til idretten som er av betydning for oppf\u00f8lgning og eventuelle tiltak rettet mot medlemmet.<\/li><li>For personer som er tildelt hemmelig adresse av Folkeregisteret skal dette ivaretas av idretten, og disse personene skal ikke lagres med adresse i idrettslagets systemer.<\/li><li>Personopplysninger som registreres skal v\u00e6re relevante og n\u00f8dvendige og behandles konfidensielt av av hovedtrenere og \u00f8vrig organisasjon.<\/li><\/ol>\n\n\n\n<p><strong>1.4. Hvordan brukes personopplysningene? <\/strong><\/p>\n\n\n\n<p>Personopplysningene brukes av de som har et rettmessig behov for tilgang til disse og brukes for \u00e5:<\/p>\n\n\n\n<ol class=\"wp-block-list\"><li>for \u00e5 administrere medlemskap og betalinger<\/li><li>kursadministrasjon<\/li><li>administrasjon av p\u00e5melding\/deltagelse i trening og konkurranser<\/li><li>lisenser og forsikringer mv.<\/li><\/ol>\n\n\n\n<p>F\u00f8dselsnummer innhentes ikke og brukes dermed ikke i R\u00f8a Danseklubb.<\/p>\n\n\n\n<p>All informasjon om medlemmet slettes n\u00e5r medlemmet ikke lenger er aktivt.<\/p>\n\n\n\n<p><strong>1.5. Informasjon og samtykke <\/strong><\/p>\n\n\n\n<p>Det skal innhentes samtykke fra personen i alle tilfeller hvor dette er n\u00f8dvendig, herunder n\u00e5r tilgangen til den aktuelle behandlingen av personopplysninger ikke er fastsatt i lov eller har et annet gyldig behandlingsgrunnlag, dvs. n\u00e5r en skal behandle personopplysninger som g\u00e5r utover det som er rimelig som f\u00f8lge av \u00abmedlemsavtalen\u00bb og det ikke finnes annet lovhjemlet behandlingsgrunnlag.<\/p>\n\n\n\n<p>Samtykke skal innhentes fra foresatte n\u00e5r det kreves samtykke fra person er et barn under 15 \u00e5r. Samtykke innhentes i tr\u00e5d med alminnelige regler for samtykke.<\/p>\n\n\n\n<p>Bruk av persondata for kommersielle hensyn er utenfor form\u00e5let og den registrerte har derfor rett til \u00e5 reservere seg mot slik direkte markedsf\u00f8ring.<\/p>\n\n\n\n<p>Medlemsopplysninger skal ikke utleveres til tredjepart. Dersom personen har oppgitt mobiltelefonnummer\/e-postadresse, er dette \u00e5 anse som et samtykke til at klubben kan kontakte vedkommende per epost og SMS med bakgrunn i medlemsavtalen.<\/p>\n\n\n\n<p>Medlemmet kan p\u00e5 ethvert tidspunkt f\u00e5 vite hva slags informasjon som er lagret, samt be om at denne informasjon slettes.<\/p>\n\n\n\n<ol class=\"wp-block-list\"><li><strong>Konfidensialitet og taushetsplikt<\/strong><\/li><\/ol>\n\n\n\n<p>Konfidensialitet skal ivareta taushetsplikten og for \u00f8vrig sikre mot at uvedkommende f\u00e5r kjennskap til opplysningene. Dette inneb\u00e6rer blant annet: Personer utenfor R\u00f8a Danseklubb skal ikke kunne f\u00e5 uautorisert tilgang til personopplysninger.<\/p>\n\n\n\n<p>Personer i klubben skal gis tilgang i henhold til prinsippene for tilgangsstyring, jfr. pkt. 3 nedenfor. For \u00e5 sikre konfidensialitet for personopplysninger skal klubbens leder sikre at alle som gis tilgang har taushetsplikt, og at de er bevisst taushetspliktens innhold og omfang. Brudd p\u00e5 taushetsplikten og\/eller ulovlig tilegnelse skal som konsekvens minimum medf\u00f8re en advarsel for den som beg\u00e5r bruddet, og bruddet skal behandles iht. avviksprosedyre som beskrevet i normen. Brudd p\u00e5 taushetsplikten og\/eller ulovlig tilegnelse er forbudt og varsling til tilsynsmyndighetene og anmeldelse m\u00e5 vurderes.<\/p>\n\n\n\n<p>Det er prim\u00e6rt daglig leder som behandler personopplysninger, samt styrets leder.<\/p>\n\n\n\n<ol class=\"wp-block-list\"><li><strong>Tilgangsstyring <\/strong><\/li><\/ol>\n\n\n\n<p>Tilgangsstyringen omfatter hvem som kan tildele rettigheter i idrettens systemer og dermed f\u00e5 tilgjengeliggjort personopplysninger. Tildeling av rettigheter i idrettens systemer skal kun skje til personer som daglig leder eller utvalgte personer i klubbens styre.<\/p>\n\n\n\n<p>Autorisasjon kan bare gis i den grad det er n\u00f8dvendig for personens rolle\/arbeid, er begrunnet i klubbens behov og er i henhold til bestemmelser om taushetsplikt. Det er kun disse som kan gis tilgang til personopplysninger. For idrettens fellessystemer er myndigheten for \u00e5 tildele rettigheter delegert til det enkelte organisasjonsleddets ansvarlige ledelse, dvs. daglig leder, styreleder og styremedlemmer. P\u00e5loggingsinformasjon skal hemmeligholdes.<\/p>\n\n\n\n<p>Gjennomgang og kontroll av tildelte rettigheter (roller\/verv) skal foretas av den enkelte leder minimum en gang \u00e5rlig, f.eks. etter avholdt \u00e5rsm\u00f8te\/ting og andre tidspunkter n\u00e5r det skjer endringer i ansettelsesforhold eller blant tillitsvalgte.<\/p>\n\n\n\n<ol class=\"wp-block-list\"><li><strong>Avviksbehandling <\/strong><\/li><\/ol>\n\n\n\n<p>Avvik skal behandles ved sikkerhetsbrudd, ved urettmessig tilgang til personopplysninger og\/eller n\u00e5r behandling av personopplysninger er utf\u00f8rt i strid med gjeldende regelverk.<\/p>\n\n\n\n<p>Daglig leder er ansvarlig for \u00e5 rapportere oppdagede avvik p\u00e5 fastsatt elektronisk skjema p\u00e5 https:\/\/www.idrettsforbundet.no\/varsle<\/p>\n\n\n\n<p>(Veileder for behandling av personopplysninger og informasjonssikkerhet i idretten 20. desember 2017)<\/p>\n\n\n\n<p>Ved uautorisert utlevering av personopplysninger vil Datatilsynet bli varslet.<\/p>\n\n\n\n<div class=\"td-page-header\">\n<h3 class=\"entry-title td-page-title\">Informasjonskapsler (cookies)<\/h3>\n<\/div>\n\n\n\n<div class=\"td-page-content\">\n<p>Her f\u00f8lger informasjon om hvordan essdans.no samler inn og bruker informasjon om bes\u00f8kende p\u00e5 v\u00e5re nettsteder. Erkl\u00e6ringen inneholder informasjon du har krav p\u00e5 n\u00e5r det samles inn opplysninger fra nettstedet v\u00e5rt (personopplysningsloven \u00a7 19) og generell informasjon om hvordan vi behandler personopplysninger (personopplysningsloven \u00a7 18, 1.ledd).<\/p>\n<p>Det er frivillig for de som bes\u00f8ker nettsidene \u00e5 oppgi personopplysninger i forbindelse med tjenester som \u00e5 motta nyhetsbrev og deleknappen p\u00e5 sosiale medier. Behandlingsgrunnlaget er samtykke fra den enkelte, med mindre annet er spesifisert.<\/p>\n<h4>Webanalyse og informasjonskapsler (cookies)<\/h4>\n<p>Som en viktig del av arbeidet med \u00e5 lage et brukervennlig nettsted, ser vi p\u00e5 brukerm\u00f8nsteret til de som bes\u00f8ker nettstedet. For \u00e5 analysere informasjonen, bruker vi analyseverkt\u00f8yet&nbsp;<a href=\"http:\/\/www.google.com\/analytics\/\">Google Analytics<\/a>.<\/p>\n<p>Google Analytics bruker&nbsp;<strong>informasjonskapsler\/cookies<\/strong>&nbsp;(sm\u00e5 tekstfiler som nettstedet lagrer p\u00e5 brukerens datamaskin), som registrerer brukernes IP-adresse, og som gir informasjon om den enkelte brukers bevegelser p\u00e5 nett. Eksempler p\u00e5 hva statistikken gir oss svar p\u00e5 er; hvor mange som bes\u00f8ker ulike sider, hvor lenge bes\u00f8ket varer, hvilke nettsteder brukerne kommer fra og hvilke nettlesere som benyttes. Ingen av informasjonskapslene gj\u00f8r at vi kan knytte informasjon om din bruk av nettstedet til deg som enkeltperson.<\/p>\n<p>Informasjonen som samles inn fra Google Analytics lagres p\u00e5 Googles servere i USA. Mottatte opplysninger er underlagt&nbsp;<a href=\"http:\/\/www.google.com\/intl\/no\/policies\/privacy\/\">Googles retningslinjer for personvern<\/a>.<\/p>\n<p>En IP-adresse er definert som en personopplysning fordi den kan spores tilbake til en bestemt maskinvare og dermed til en enkeltperson. V\u00e5rtOslo bruker Google Analytics sin sporingskode som anonymiserer IP-adressen f\u00f8r informasjonen lagres og bearbeides av Google. Dermed kan ikke den lagrede IP-adressen brukes til \u00e5 identifisere den enkelte brukeren.<\/p>\n<h4>S\u00f8k<\/h4>\n<p>Essdans.no lagrer informasjon om hvilke s\u00f8keord brukerne benytter p\u00e5 v\u00e5re nettsteder i Google Analytics. Form\u00e5let med lagringen er \u00e5 gj\u00f8re informasjonstilbudet v\u00e5rt bedre. Bruksm\u00f8nsteret for s\u00f8k lagres i aggregert form. Det er bare s\u00f8keordet som lagres og de kan ikke kobles til andre opplysninger om brukerne, slik som til IP-adressene.<\/p>\n<h4>Dele-tjenesten<\/h4>\n<p>Funksjonen \u00abDel med andre\u00bb kan brukes til \u00e5 videresende lenker til nettstedet p\u00e5 e-post, eller til \u00e5 dele innholdet p\u00e5 sosiale nettsamfunn. Opplysninger om tips logges ikke hos oss, men brukes kun der og da til \u00e5 legge inn tipset hos nettsamfunnet. Vi kan imidlertid ikke garantere at nettsamfunnet ikke logger disse opplysningene. Alle slike tjenester b\u00f8r derfor brukes med vett. Dersom du benytter e-post funksjonen, bruker vi bare de oppgitte e-postadressene til \u00e5 sende meldingen videre uten noen form for lagring.<\/p>\n<h4>Nyhetsbrev<\/h4>\n<p>Det er mulig \u00e5 abonnere p\u00e5 nyhetsbrev for \u00e5&nbsp;motta oppdateringer og informasjon om nye saker fra V\u00e5rtOslo. For at vi skal sende e-post til riktig person, m\u00e5 vi registrere navn og e-postadresse. Disse opplysningene deles ikke med andre virksomheter, og slettes n\u00e5r vi f\u00e5r beskjed om at du ikke lenger \u00f8nsker \u00e5 motta informasjon fra oss.<\/p>\n<h4>Side- og tjenestefunksjonalitet<\/h4>\n<p>Det blir brukt informasjonskapsler i drift og presentasjon av data fra nettsteder. Slike informasjonskapsler kan inneholde informasjon om spr\u00e5kkode for spr\u00e5k valgt av brukeren. Det kan v\u00e6re informasjonskapsler med informasjon som st\u00f8tter om lastbalanseringen av systemet slik at alle brukere blir sikret en best mulig opplevelse. Ved tjenester som krever innlogging eller s\u00f8k kan det bli brukt informasjonskapsler som sikrer at tjenesten presenterer data til rett mottaker.<\/p>\n<h4>Hvordan h\u00e5ndtere informasjonskapsler i din nettleser<\/h4>\n<p>P\u00e5&nbsp;<a href=\"http:\/\/www.nettvett.no\/\">www.nettvett.no<\/a>&nbsp;kan du lese om hvordan du&nbsp;<a href=\"https:\/\/nettvett.no\/slik-administrer-du-informasjonskapsler\/\">stiller inn nettleseren for \u00e5 godta\/avvise informasjonskapsler,<\/a>&nbsp;og f\u00e5&nbsp;<a href=\"https:\/\/nettvett.no\/veiledninger\/sikrere-bruk\/internett\/\">tips til sikrere bruk av internett<\/a>.<\/p>\n<\/div>\n","protected":false},"excerpt":{"rendered":"<p>Behandling av personopplysninger Vi \u00f8nsker \u00e5 informere nye og allerede eksisterende medlemmer i R\u00f8a danseklubb om hvordan vi arbeider i henhold til de nye personvernslovendringene (GDPR). Vi er sv\u00e6rt opptatt av \u00e5penhet og \u00e6rlighet, og ikke minst v\u00e5r ivaretakelse av taushetsplikten vi har overfor deg som medlem, og vil fortsette \u00e5 v\u00e6re dette i fremtiden. [&hellip;]<\/p>\n","protected":false},"author":10,"featured_media":0,"parent":0,"menu_order":0,"comment_status":"closed","ping_status":"closed","template":"","meta":{"footnotes":""},"class_list":["post-2507","page","type-page","status-publish","hentry"],"_links":{"self":[{"href":"https:\/\/www.essdans.no\/esswp\/wp-json\/wp\/v2\/pages\/2507","targetHints":{"allow":["GET"]}}],"collection":[{"href":"https:\/\/www.essdans.no\/esswp\/wp-json\/wp\/v2\/pages"}],"about":[{"href":"https:\/\/www.essdans.no\/esswp\/wp-json\/wp\/v2\/types\/page"}],"author":[{"embeddable":true,"href":"https:\/\/www.essdans.no\/esswp\/wp-json\/wp\/v2\/users\/10"}],"replies":[{"embeddable":true,"href":"https:\/\/www.essdans.no\/esswp\/wp-json\/wp\/v2\/comments?post=2507"}],"version-history":[{"count":6,"href":"https:\/\/www.essdans.no\/esswp\/wp-json\/wp\/v2\/pages\/2507\/revisions"}],"predecessor-version":[{"id":2908,"href":"https:\/\/www.essdans.no\/esswp\/wp-json\/wp\/v2\/pages\/2507\/revisions\/2908"}],"wp:attachment":[{"href":"https:\/\/www.essdans.no\/esswp\/wp-json\/wp\/v2\/media?parent=2507"}],"curies":[{"name":"wp","href":"https:\/\/api.w.org\/{rel}","templated":true}]}}