{"id":24,"date":"2012-07-16T20:38:12","date_gmt":"2012-07-16T18:38:12","guid":{"rendered":"http:\/\/www.essdans.com\/?page_id=24"},"modified":"2025-01-21T23:52:56","modified_gmt":"2025-01-21T22:52:56","slug":"grunnkurs","status":"publish","type":"page","link":"https:\/\/www.essdans.no\/esswp\/kurs\/grunnkurs\/","title":{"rendered":"Nybegynner Niv\u00e5 1"},"content":{"rendered":"<div class=\"wp-block-image\">\n<figure class=\"aligncenter\"><img fetchpriority=\"high\" decoding=\"async\" width=\"300\" height=\"200\" src=\"http:\/\/www.essdans.no\/wp-content\/uploads\/2019\/01\/SAM_4358-300x200.jpg\" alt=\"\" class=\"wp-image-2629\" srcset=\"https:\/\/www.essdans.no\/esswp\/wp-content\/uploads\/2019\/01\/SAM_4358-300x200.jpg 300w, https:\/\/www.essdans.no\/esswp\/wp-content\/uploads\/2019\/01\/SAM_4358-768x512.jpg 768w, https:\/\/www.essdans.no\/esswp\/wp-content\/uploads\/2019\/01\/SAM_4358-1024x683.jpg 1024w, https:\/\/www.essdans.no\/esswp\/wp-content\/uploads\/2019\/01\/SAM_4358-256x170.jpg 256w\" sizes=\"(max-width: 300px) 100vw, 300px\" \/><\/figure>\n<\/div>\n\n\n<p class=\"has-text-color has-normal-font-size\" style=\"color:#000000\">Dette partiet er en super start for deg som vil inn i danseverden som passer b\u00e5de for gutter og jenter. Her er tempoet b\u00e5de lavt og h\u00f8yt hvor det danses til sanger som er tidsriktige og som de elsker. Her l\u00e6rer de blant mye annet grunntrinn i freestyle\/discojazz og slow, som brukes blant annet i en dans de kan konkurrere i dersom konkurranseinstinktet skulle vise seg i l\u00f8pet av sesongen og barnet \u00f8nsker \u00e5 konkurrere.<\/p>\n\n\n\n<p class=\"has-text-color has-normal-font-size\" style=\"color:#000000\">P\u00e5 slutten av hver sesong setter vi opp et danseshow s\u00e5 barna kan vise familie og venner hva de har \u00f8vd p\u00e5 og l\u00e6rt.<\/p>\n\n\n\n<p class=\"has-text-color has-normal-font-size\" style=\"color:#000000\">Selvsagt kan man g\u00e5 et grunnkurs flere ganger \u2013 vi har et nytt opplegg og nye danser hver sesong! Dersom man \u00f8nsker st\u00f8rre utfordringer etter endt grunnkurs s\u00e5 kan man g\u00e5 over til Niv\u00e5 2 i freestyle\/discojazz og slow, uten at man n\u00f8dvendigvis trenger \u00e5 konkurrere. Eller hvorfor ikke kombinere begge partiene?<\/p>\n\n\n\n<p class=\"has-text-color has-normal-font-size\" style=\"color:#000000\">Vi tilbyr Nybegynner niv\u00e5 1 kurs for aldersgruppene 1.-3.klasse og fra 4.klasse.<\/p>\n\n\n<div class=\"wp-block-image\">\n<figure class=\"aligncenter\"><img decoding=\"async\" width=\"300\" height=\"200\" src=\"http:\/\/www.essdans.no\/wp-content\/uploads\/2019\/01\/SAM_4274-300x200.jpg\" alt=\"\" class=\"wp-image-2630\" srcset=\"https:\/\/www.essdans.no\/esswp\/wp-content\/uploads\/2019\/01\/SAM_4274-300x200.jpg 300w, https:\/\/www.essdans.no\/esswp\/wp-content\/uploads\/2019\/01\/SAM_4274-768x512.jpg 768w, https:\/\/www.essdans.no\/esswp\/wp-content\/uploads\/2019\/01\/SAM_4274-1024x683.jpg 1024w, https:\/\/www.essdans.no\/esswp\/wp-content\/uploads\/2019\/01\/SAM_4274-256x170.jpg 256w\" sizes=\"(max-width: 300px) 100vw, 300px\" \/><\/figure>\n<\/div>\n\n\n<p><span style=\"font-size: medium;\"><\/span><\/p>\n\n\n\n<p class=\"has-text-color has-normal-font-size\" style=\"color:#000000\"><span style=\"font-size: medium;\"><em><strong>Krav:<\/strong> Ingen krav, kom som du er <\/em><\/span><\/p>\n\n\n\n<p class=\"has-text-color has-normal-font-size\" style=\"color:#000000\"><span style=\"font-size: medium;\"><em><strong>Antrekk:<\/strong> Treningst\u00f8y og joggesko &#8211; Husk drikkeflaske<br><\/em><\/span><\/p>\n\n\n\n<p class=\"has-text-color has-normal-font-size\" style=\"color:#000000\"><span style=\"font-size: medium;\"><em><strong>Kurssted:<\/strong> <a href=\"http:\/\/www.essdans.no\/timeplan\/roa-oslo\/\">Oslo<\/a><\/em><\/span><\/p>\n\n\n<div class=\"wp-block-image\">\n<figure class=\"aligncenter\"><img decoding=\"async\" width=\"300\" height=\"200\" src=\"http:\/\/www.essdans.no\/wp-content\/uploads\/2017\/09\/SAM_2749-300x200.jpg\" alt=\"\" class=\"wp-image-2386\" srcset=\"https:\/\/www.essdans.no\/esswp\/wp-content\/uploads\/2017\/09\/SAM_2749-300x200.jpg 300w, https:\/\/www.essdans.no\/esswp\/wp-content\/uploads\/2017\/09\/SAM_2749-768x512.jpg 768w, https:\/\/www.essdans.no\/esswp\/wp-content\/uploads\/2017\/09\/SAM_2749-1024x683.jpg 1024w, https:\/\/www.essdans.no\/esswp\/wp-content\/uploads\/2017\/09\/SAM_2749-256x170.jpg 256w\" sizes=\"(max-width: 300px) 100vw, 300px\" \/><\/figure>\n<\/div>\n\n\n<p><\/p>\n","protected":false},"excerpt":{"rendered":"<p>Dette partiet er en super start for deg som vil inn i danseverden som passer b\u00e5de for gutter og jenter. Her er tempoet b\u00e5de lavt og h\u00f8yt hvor det danses til sanger som er tidsriktige og som de elsker. Her l\u00e6rer de blant mye annet grunntrinn i freestyle\/discojazz og slow, som brukes blant annet i [&hellip;]<\/p>\n","protected":false},"author":1,"featured_media":0,"parent":20,"menu_order":0,"comment_status":"closed","ping_status":"closed","template":"","meta":{"footnotes":""},"class_list":["post-24","page","type-page","status-publish","hentry"],"_links":{"self":[{"href":"https:\/\/www.essdans.no\/esswp\/wp-json\/wp\/v2\/pages\/24","targetHints":{"allow":["GET"]}}],"collection":[{"href":"https:\/\/www.essdans.no\/esswp\/wp-json\/wp\/v2\/pages"}],"about":[{"href":"https:\/\/www.essdans.no\/esswp\/wp-json\/wp\/v2\/types\/page"}],"author":[{"embeddable":true,"href":"https:\/\/www.essdans.no\/esswp\/wp-json\/wp\/v2\/users\/1"}],"replies":[{"embeddable":true,"href":"https:\/\/www.essdans.no\/esswp\/wp-json\/wp\/v2\/comments?post=24"}],"version-history":[{"count":5,"href":"https:\/\/www.essdans.no\/esswp\/wp-json\/wp\/v2\/pages\/24\/revisions"}],"predecessor-version":[{"id":3924,"href":"https:\/\/www.essdans.no\/esswp\/wp-json\/wp\/v2\/pages\/24\/revisions\/3924"}],"up":[{"embeddable":true,"href":"https:\/\/www.essdans.no\/esswp\/wp-json\/wp\/v2\/pages\/20"}],"wp:attachment":[{"href":"https:\/\/www.essdans.no\/esswp\/wp-json\/wp\/v2\/media?parent=24"}],"curies":[{"name":"wp","href":"https:\/\/api.w.org\/{rel}","templated":true}]}}