{"id":22,"date":"2012-07-16T20:37:58","date_gmt":"2012-07-16T18:37:58","guid":{"rendered":"http:\/\/www.essdans.com\/?page_id=22"},"modified":"2025-01-21T23:52:24","modified_gmt":"2025-01-21T22:52:24","slug":"3-5-ar","status":"publish","type":"page","link":"https:\/\/www.essdans.no\/esswp\/kurs\/3-5-ar\/","title":{"rendered":"Ministjerner 3-5 \u00e5r"},"content":{"rendered":"<div class=\"wp-block-image\">\n<figure class=\"aligncenter is-resized\"><a href=\"http:\/\/www.essdans.no\/wp-content\/uploads\/2012\/07\/IMG_3406.jpg\"><img fetchpriority=\"high\" decoding=\"async\" width=\"300\" height=\"200\" src=\"http:\/\/www.essdans.no\/wp-content\/uploads\/2012\/07\/IMG_3406-300x200.jpg\" alt=\"\" class=\"wp-image-665\" style=\"width:304px;height:202px\" srcset=\"https:\/\/www.essdans.no\/esswp\/wp-content\/uploads\/2012\/07\/IMG_3406-300x200.jpg 300w, https:\/\/www.essdans.no\/esswp\/wp-content\/uploads\/2012\/07\/IMG_3406-1024x682.jpg 1024w, https:\/\/www.essdans.no\/esswp\/wp-content\/uploads\/2012\/07\/IMG_3406-256x170.jpg 256w\" sizes=\"(max-width: 300px) 100vw, 300px\" \/><\/a><\/figure>\n<\/div>\n\n<div class=\"wp-block-image\">\n<figure class=\"alignright is-resized\"><img decoding=\"async\" width=\"100\" height=\"300\" src=\"http:\/\/www.essdans.no\/wp-content\/uploads\/2019\/01\/Ny-100x300.jpg\" alt=\"\" class=\"wp-image-2624\" style=\"width:86px;height:259px\" srcset=\"https:\/\/www.essdans.no\/esswp\/wp-content\/uploads\/2019\/01\/Ny-100x300.jpg 100w, https:\/\/www.essdans.no\/esswp\/wp-content\/uploads\/2019\/01\/Ny-768x2304.jpg 768w, https:\/\/www.essdans.no\/esswp\/wp-content\/uploads\/2019\/01\/Ny-341x1024.jpg 341w, https:\/\/www.essdans.no\/esswp\/wp-content\/uploads\/2019\/01\/Ny.jpg 1064w\" sizes=\"(max-width: 100px) 100vw, 100px\" \/><\/figure>\n<\/div>\n\n\n<p class=\"has-text-color has-normal-font-size\" style=\"color:#000000\">Dette partiet passer perfekt til de aller minste dansestjernene hvor de virkelig har det g\u00f8y samtidig som de l\u00e6rer mye. P\u00e5 dette partiet danser de til tidsriktige og kjente barnesanger, samtidig som de utvikler motorikken, rytme, konsentrasjon og ikke minst danseglede.<\/p>\n\n\n\n<p class=\"has-text-color has-normal-font-size\" style=\"color:#000000\">P\u00e5 slutten av hver sesong s\u00e5 setter vi opp et danseshow hvor barna viser frem det de har l\u00e6rt. Vi har selvsagt nye danser hver sesong, s\u00e5 her kan man g\u00e5 flere sesonger p\u00e5 rad og alltid l\u00e6re noe nytt.<\/p>\n\n\n\n<p class=\"has-text-color has-normal-font-size\" style=\"color:#000000\"><strong><em>Krav: <\/em><\/strong>Ingen krav.<\/p>\n\n\n\n<p class=\"has-text-color has-normal-font-size\" style=\"color:#000000\">Foresatte f\u00e5r lov til \u00e5 sitte inne i salen \u00e5 se p\u00e5 f\u00f8rste gangen, etter det \u00f8nsker vi at dere sitter ute p\u00e5 gangen. Det kan selvf\u00f8lgelig avtales med trener at en foresatt kan v\u00e6re med inn etter den f\u00f8rste gangen dersom barnet trenger litt ekstra st\u00f8tte i starten.<\/p>\n\n\n\n<p class=\"has-text-color has-normal-font-size\" style=\"color:#000000\"><span style=\"font-size: medium;\"><em><strong>Kurssted:<\/strong> <a href=\"http:\/\/www.essdans.no\/timeplan\/roa-oslo\/\">Oslo<\/a><\/em><\/span><\/p>\n\n\n<div class=\"wp-block-image\">\n<figure class=\"alignleft\"><img decoding=\"async\" width=\"186\" height=\"300\" src=\"http:\/\/www.essdans.no\/wp-content\/uploads\/2012\/07\/alt-mulig-2011-002-186x300.jpg\" alt=\"\" class=\"wp-image-666\" srcset=\"https:\/\/www.essdans.no\/esswp\/wp-content\/uploads\/2012\/07\/alt-mulig-2011-002-186x300.jpg 186w, https:\/\/www.essdans.no\/esswp\/wp-content\/uploads\/2012\/07\/alt-mulig-2011-002-637x1024.jpg 637w, https:\/\/www.essdans.no\/esswp\/wp-content\/uploads\/2012\/07\/alt-mulig-2011-002.jpg 1496w\" sizes=\"(max-width: 186px) 100vw, 186px\" \/><\/figure>\n<\/div>","protected":false},"excerpt":{"rendered":"<p>Dette partiet passer perfekt til de aller minste dansestjernene hvor de virkelig har det g\u00f8y samtidig som de l\u00e6rer mye. P\u00e5 dette partiet danser de til tidsriktige og kjente barnesanger, samtidig som de utvikler motorikken, rytme, konsentrasjon og ikke minst danseglede. P\u00e5 slutten av hver sesong s\u00e5 setter vi opp et danseshow hvor barna viser [&hellip;]<\/p>\n","protected":false},"author":1,"featured_media":0,"parent":20,"menu_order":0,"comment_status":"closed","ping_status":"closed","template":"","meta":{"footnotes":""},"class_list":["post-22","page","type-page","status-publish","hentry"],"_links":{"self":[{"href":"https:\/\/www.essdans.no\/esswp\/wp-json\/wp\/v2\/pages\/22","targetHints":{"allow":["GET"]}}],"collection":[{"href":"https:\/\/www.essdans.no\/esswp\/wp-json\/wp\/v2\/pages"}],"about":[{"href":"https:\/\/www.essdans.no\/esswp\/wp-json\/wp\/v2\/types\/page"}],"author":[{"embeddable":true,"href":"https:\/\/www.essdans.no\/esswp\/wp-json\/wp\/v2\/users\/1"}],"replies":[{"embeddable":true,"href":"https:\/\/www.essdans.no\/esswp\/wp-json\/wp\/v2\/comments?post=22"}],"version-history":[{"count":7,"href":"https:\/\/www.essdans.no\/esswp\/wp-json\/wp\/v2\/pages\/22\/revisions"}],"predecessor-version":[{"id":3923,"href":"https:\/\/www.essdans.no\/esswp\/wp-json\/wp\/v2\/pages\/22\/revisions\/3923"}],"up":[{"embeddable":true,"href":"https:\/\/www.essdans.no\/esswp\/wp-json\/wp\/v2\/pages\/20"}],"wp:attachment":[{"href":"https:\/\/www.essdans.no\/esswp\/wp-json\/wp\/v2\/media?parent=22"}],"curies":[{"name":"wp","href":"https:\/\/api.w.org\/{rel}","templated":true}]}}