{"id":11,"date":"2012-07-15T16:14:39","date_gmt":"2012-07-15T14:14:39","guid":{"rendered":"http:\/\/www.essdans.com\/?page_id=11"},"modified":"2019-07-26T08:47:18","modified_gmt":"2019-07-26T06:47:18","slug":"skolen","status":"publish","type":"page","link":"https:\/\/www.essdans.no\/esswp\/om-oss\/skolen\/","title":{"rendered":"Skolen"},"content":{"rendered":"\n<p><\/p>\n\n\n\n<p style=\"color:#000000\" class=\"has-text-color has-normal-font-size\"><span style=\"font-size: medium;\">Vi som jobber p\u00e5 eSs danseskole pr\u00f8ver \u00e5 gi hver enkelt elev en unik opplevelse. En god f\u00f8lelse \u00e5 ta med seg resten av livet. Blant mange store idrettsklubber har vi klart \u00e5 finne v\u00e5r egen lille nisje, b\u00e5de de som g\u00e5r p\u00e5 kurs for \u00e5 ha det g\u00f8y, og for de som seri\u00f8st satser p\u00e5 konkurranseidrett.<\/span><\/p>\n\n\n\n<p style=\"color:#000000\" class=\"has-text-color has-normal-font-size\"><span style=\"font-size: medium;\">Vi har jobbet med ett m\u00e5l for \u00f8yet. Det er \u00e5 la barn og unge f\u00e5 oppleve et milj\u00f8 de kan ha det g\u00f8y, men samtidig l\u00e6re \u00e5 danse. Selvsagt har vi stor fokus p\u00e5 v\u00e5re konkurranseelevers vilje vil \u00e5 satse, men l\u00e6rer dem p\u00e5 samme tid \u00e5 sameksistere med v\u00e5re elever p\u00e5 alle niv\u00e5er. Dette har fungert som en dr\u00f8m, og samtidig har vi str\u00e5lende resultater n\u00e5r det gjelder konkurranser. Vi har klart \u00e5 skape, ikke bare et sted de har det morsomt, men et sted de kan l\u00e6re \u00e5 satse for \u00e5 n\u00e5 et m\u00e5l!<\/span><\/p>\n\n\n\n<p style=\"color:#000000\" class=\"has-text-color has-normal-font-size\"><span style=\"font-size: medium;\">eSs danseskole eier, S\u00f8lvi Heimdal<\/span><\/p>\n","protected":false},"excerpt":{"rendered":"<p>Vi som jobber p\u00e5 eSs danseskole pr\u00f8ver \u00e5 gi hver enkelt elev en unik opplevelse. En god f\u00f8lelse \u00e5 ta med seg resten av livet. Blant mange store idrettsklubber har vi klart \u00e5 finne v\u00e5r egen lille nisje, b\u00e5de de som g\u00e5r p\u00e5 kurs for \u00e5 ha det g\u00f8y, og for de som seri\u00f8st satser [&hellip;]<\/p>\n","protected":false},"author":1,"featured_media":0,"parent":8,"menu_order":0,"comment_status":"open","ping_status":"open","template":"","meta":{"footnotes":""},"class_list":["post-11","page","type-page","status-publish","hentry"],"_links":{"self":[{"href":"https:\/\/www.essdans.no\/esswp\/wp-json\/wp\/v2\/pages\/11","targetHints":{"allow":["GET"]}}],"collection":[{"href":"https:\/\/www.essdans.no\/esswp\/wp-json\/wp\/v2\/pages"}],"about":[{"href":"https:\/\/www.essdans.no\/esswp\/wp-json\/wp\/v2\/types\/page"}],"author":[{"embeddable":true,"href":"https:\/\/www.essdans.no\/esswp\/wp-json\/wp\/v2\/users\/1"}],"replies":[{"embeddable":true,"href":"https:\/\/www.essdans.no\/esswp\/wp-json\/wp\/v2\/comments?post=11"}],"version-history":[{"count":4,"href":"https:\/\/www.essdans.no\/esswp\/wp-json\/wp\/v2\/pages\/11\/revisions"}],"predecessor-version":[{"id":2911,"href":"https:\/\/www.essdans.no\/esswp\/wp-json\/wp\/v2\/pages\/11\/revisions\/2911"}],"up":[{"embeddable":true,"href":"https:\/\/www.essdans.no\/esswp\/wp-json\/wp\/v2\/pages\/8"}],"wp:attachment":[{"href":"https:\/\/www.essdans.no\/esswp\/wp-json\/wp\/v2\/media?parent=11"}],"curies":[{"name":"wp","href":"https:\/\/api.w.org\/{rel}","templated":true}]}}